


{"id":484,"date":"2015-05-14T09:46:07","date_gmt":"2015-05-14T13:46:07","guid":{"rendered":"http:\/\/webmedia-france.com\/commune\/home-1\/?lang=ar"},"modified":"2021-06-07T12:11:09","modified_gmt":"2021-06-07T10:11:09","slug":"home-1","status":"publish","type":"page","link":"http:\/\/www.commune-hadjebelayoun.gov.tn\/","title":{"rendered":"\u0627\u0644\u0631\u0626\u064a\u0633\u064a\u0629"},"content":{"rendered":"<p>[vc_row][vc_column][rev_slider_vc alias=\u00a0\u00bbAccueil-FR\u00a0\u00bb]<hr class=\"c-separator m-default m-margin-top-medium m-margin-bottom-medium\">[\/vc_column][\/vc_row][vc_row][vc_column][vc_raw_html css=\u00a0\u00bb.vc_custom_1484920753881{margin-bottom: -31px !important;}\u00a0\u00bb]JTNDZGl2JTIwY2xhc3MlM0QlMjJjLWFydGljbGUtbGlzdCUyMG0taGFzLWljb24lMjBtLWhhcy1mZWF0dXJlZCUyMiUzRSUzQ2RpdiUyMGNsYXNzJTNEJTIyYy1jb250ZW50LWJveCUyMiUzRSUzQ2RpdiUyMGNsYXNzJTNEJTIyYXJ0aWNsZS1saXN0LWlubmVyJTIyJTNFJTNDaSUyMGNsYXNzJTNEJTIyaWNvLXNoYWRvdyUyMGZhJTIwZmEtaG9tZSUyMiUzRSUzQyUyRmklM0UlM0NoMiUyMGNsYXNzJTNEJTIyYXJ0aWNsZS1saXN0LXRpdGxlJTIyJTNFJTNDaSUyMGNsYXNzJTNEJTIyaWNvJTIwZmElMjBmYS1ob21lJTIyJTNFJTNDJTJGaSUzRSUzQ2ElMjBocmVmJTNEJTIyaHR0cCUzQSUyRiUyRndlYm1lZGlhLWZyYW5jZS5jb20lMkZjb21tdW5lJTJGaGFqZWItZWwtYXlvdW4lMkYlM0ZsYW5nJTNEYXIlMjIlM0UlRDklODUlRDglQUYlRDklOEElRDklODYlRDglQTklMjAlRDglQUQlRDglQTclRDglQUMlRDglQTglMjAlRDglQTclRDklODQlRDglQjklRDklOEElRDklODglRDklODYlM0MlMkZhJTNFJTNDJTJGaDIlM0UlM0MlMkZkaXYlM0UlM0MlMkZkaXYlM0UlM0MlMkZkaXYlM0U=[\/vc_raw_html]<div class=\"c-content-box m-forced\">\n<p style=\"text-align: right;\">\u062d\u0627\u062c\u0628 \u0627\u0644\u0639\u064a\u0648\u0646 \u0625\u062d\u062f\u0649 \u0645\u062f\u0646 \u0627\u0644\u062c\u0645\u0647\u0648\u0631\u064a\u0629 \u0627\u0644\u062a\u0648\u0646\u0633\u064a\u0629\u060c \u062a\u0642\u0639 \u0641\u064a \u0648\u0644\u0627\u064a\u0629 \u0627\u0644\u0642\u064a\u0631\u0648\u0627\u0646\u060c \u0639\u0644\u0649 \u0628\u0639\u062f 65 \u0643\u0645 \u063a\u0631\u0628 \u0645\u062f\u064a\u0646\u0629 \u0627\u0644\u0642\u064a\u0631\u0648\u0627\u0646 \u0639\u0644\u0649 \u0627\u0644\u0637\u0631\u064a\u0642 \u0627\u0644\u0648\u0637\u0646\u064a\u0629 \u0631\u0642\u0645 3 \u0641\u064a \u0627\u062a\u062c\u0627\u0647 \u0645\u062f\u064a\u0646\u0629 \u0633\u0628\u064a\u0637\u0644\u0629\u060c \u0641\u0648\u0642 \u0647\u0636\u0628\u0629 \u062a\u0646\u0628\u0639 \u0645\u0646 \u0633\u0641\u062d\u0647\u0627 \u0627\u0644\u0639\u064a\u0648\u0646 \u0627\u0644\u062c\u0627\u0631\u064a\u0629 \u0648\u0627\u0644\u0645\u064a\u0627\u0647 \u0627\u0644\u0639\u0630\u0628\u0629. \u062a\u0631\u0642\u064a\u0645\u0647\u0627 \u0627\u0644\u0628\u0631\u064a\u062f\u064a \u0647\u0648 3160.<\/p>\n<p style=\"text-align: right;\"><p><a href=\"http:\/\/www.commune-hadjebelayoun.gov.tn\/?page_id=500&#038;lang=ar\" class=\"c-button\">\u062a\u0639\u0631\u0641 \u0623\u0643\u062b\u0631<\/a><\/p>\n<\/p>\n<\/div>[\/vc_column][\/vc_row][vc_row][vc_column]<div class=\"c-article-list m-has-icon\"><div class=\"c-content-box\"><div class=\"article-list-inner\"><i class=\"ico-shadow tp tp-reading\"><\/i><h2 class=\"article-list-title\"><i class=\"ico tp tp-reading\"><\/i><a href=\"http:\/\/www.commune-hadjebelayoun.gov.tn\/\">\u0623\u062e\u0631 \u0627\u0644\u0645\u0633\u062a\u062c\u062f\u0627\u062a<\/a><\/h2><div class=\"article-list-content\"><article class=\"brief-article\"><h3 class=\"article-title\"><a href=\"http:\/\/www.commune-hadjebelayoun.gov.tn\/?p=328951\">Ihr Schl\u00fcssel zum Erfolg: seri\u00f6se Online Casinos \u00d6sterreich<\/a><\/h3><div class=\"article-date\">2 juin 2023<\/div><\/article><article class=\"brief-article\"><h3 class=\"article-title\"><a href=\"http:\/\/www.commune-hadjebelayoun.gov.tn\/?p=328957\">seri\u00f6se Online Casino ein f\u00fcr alle Mal loswerden<\/a><\/h3><div class=\"article-date\">2 juin 2023<\/div><\/article><article class=\"brief-article\"><h3 class=\"article-title\"><a href=\"http:\/\/www.commune-hadjebelayoun.gov.tn\/?p=328961\">MGA Casinos Ohne dich verr\u00fcckt zu machen<\/a><\/h3><div class=\"article-date\">2 juin 2023<\/div><\/article><article class=\"brief-article\"><h3 class=\"article-title\"><a href=\"http:\/\/www.commune-hadjebelayoun.gov.tn\/?p=328953\">10 Faktoren, die seri\u00f6se Casino \u00d6sterreich beeinflussen<\/a><\/h3><div class=\"article-date\">2 juin 2023<\/div><\/article><article class=\"brief-article\"><h3 class=\"article-title\"><a href=\"http:\/\/www.commune-hadjebelayoun.gov.tn\/?p=328757\">Freispiele &#8211; Was Sie von Ihren Kritikern lernen k\u00f6nnen<\/a><\/h3><div class=\"article-date\">1 juin 2023<\/div><\/article><article class=\"brief-article\"><h3 class=\"article-title\"><a href=\"http:\/\/www.commune-hadjebelayoun.gov.tn\/?p=328929\">online casinos in Cyprus Shortcuts &#8211; The Easy Way<\/a><\/h3><div class=\"article-date\">1 juin 2023<\/div><\/article><\/div><\/div><\/div><\/div>[\/vc_column][\/vc_row][vc_row][vc_column width=\u00a0\u00bb1\/2&Prime;][vc_raw_html css=\u00a0\u00bb.vc_custom_1484920585719{margin-bottom: -31px !important;}\u00a0\u00bb]JTNDZGl2JTIwY2xhc3MlM0QlMjJjLWFydGljbGUtbGlzdCUyMG0taGFzLWljb24lMjBtLWhhcy1mZWF0dXJlZCUyMiUzRSUzQ2RpdiUyMGNsYXNzJTNEJTIyYy1jb250ZW50LWJveCUyMiUzRSUzQ2RpdiUyMGNsYXNzJTNEJTIyYXJ0aWNsZS1saXN0LWlubmVyJTIyJTNFJTNDaSUyMGNsYXNzJTNEJTIyaWNvLXNoYWRvdyUyMHRwJTIwdHAtbGlicmFyeTIlMjIlM0UlM0MlMkZpJTNFJTNDaDIlMjBjbGFzcyUzRCUyMmFydGljbGUtbGlzdC10aXRsZSUyMiUzRSUzQ2klMjBjbGFzcyUzRCUyMmljbyUyMHRwJTIwdHAtbGlicmFyeTIlMjIlM0UlM0MlMkZpJTNFJUQ4JUE3JUQ5JTg0JUQ4JUFBJUQ4JUIxJUQ4JUE3JUQ4JUFCJTNDJTJGaDIlM0UlM0MlMkZkaXYlM0UlM0MlMkZkaXYlM0UlM0MlMkZkaXYlM0U=[\/vc_raw_html][vc_single_image image=\u00a0\u00bb776&Prime; img_size=\u00a0\u00bbfull\u00a0\u00bb alignment=\u00a0\u00bbcenter\u00a0\u00bb][\/vc_column][vc_column width=\u00a0\u00bb1\/2&Prime;][vc_raw_html css=\u00a0\u00bb.vc_custom_1484920574481{margin-bottom: -31px !important;}\u00a0\u00bb]JTNDZGl2JTIwY2xhc3MlM0QlMjJjLWFydGljbGUtbGlzdCUyMG0taGFzLWljb24lMjBtLWhhcy1mZWF0dXJlZCUyMiUzRSUzQ2RpdiUyMGNsYXNzJTNEJTIyYy1jb250ZW50LWJveCUyMiUzRSUzQ2RpdiUyMGNsYXNzJTNEJTIyYXJ0aWNsZS1saXN0LWlubmVyJTIyJTNFJTNDaSUyMGNsYXNzJTNEJTIyaWNvLXNoYWRvdyUyMHRwJTIwdHAtbWFuLXdvbWFuJTIyJTNFJTNDJTJGaSUzRSUzQ2gyJTIwY2xhc3MlM0QlMjJhcnRpY2xlLWxpc3QtdGl0bGUlMjIlM0UlM0NpJTIwY2xhc3MlM0QlMjJpY28lMjB0cCUyMHRwLW1hbi13b21hbiUyMiUzRSUzQyUyRmklM0UlRDglQTclRDklODQlRDglQUIlRDklODIlRDglQTclRDklODElRDglQTklM0MlMkZoMiUzRSUzQyUyRmRpdiUzRSUzQyUyRmRpdiUzRSUzQyUyRmRpdiUzRQ==[\/vc_raw_html][vc_single_image image=\u00a0\u00bb777&Prime; img_size=\u00a0\u00bbfull\u00a0\u00bb alignment=\u00a0\u00bbcenter\u00a0\u00bb][\/vc_column][\/vc_row][vc_row][vc_column][vc_empty_space][\/vc_column][\/vc_row][vc_row][vc_column width=\u00a0\u00bb1\/2&Prime;][vc_raw_html css=\u00a0\u00bb.vc_custom_1484920605368{margin-bottom: -31px !important;}\u00a0\u00bb]JTNDZGl2JTIwY2xhc3MlM0QlMjJjLWFydGljbGUtbGlzdCUyMG0taGFzLWljb24lMjBtLWhhcy1mZWF0dXJlZCUyMiUzRSUzQ2RpdiUyMGNsYXNzJTNEJTIyYy1jb250ZW50LWJveCUyMiUzRSUzQ2RpdiUyMGNsYXNzJTNEJTIyYXJ0aWNsZS1saXN0LWlubmVyJTIyJTNFJTNDaSUyMGNsYXNzJTNEJTIyaWNvLXNoYWRvdyUyMHRwJTIwdHAtdGVubmlzMiUyMiUzRSUzQyUyRmklM0UlM0NoMiUyMGNsYXNzJTNEJTIyYXJ0aWNsZS1saXN0LXRpdGxlJTIyJTNFJTNDaSUyMGNsYXNzJTNEJTIyaWNvJTIwdHAlMjB0cC10ZW5uaXMyJTIyJTNFJTNDJTJGaSUzRSVEOCVBNyVEOSU4NCVEOCVCMSVEOSU4QSVEOCVBNyVEOCVCNiVEOCVBOSUzQyUyRmgyJTNFJTNDJTJGZGl2JTNFJTNDJTJGZGl2JTNFJTNDJTJGZGl2JTNF[\/vc_raw_html][vc_single_image image=\u00a0\u00bb778&Prime; img_size=\u00a0\u00bbfull\u00a0\u00bb alignment=\u00a0\u00bbcenter\u00a0\u00bb][\/vc_column][vc_column width=\u00a0\u00bb1\/2&Prime;][vc_raw_html css=\u00a0\u00bb.vc_custom_1484920595910{margin-bottom: -31px !important;}\u00a0\u00bb]JTNDZGl2JTIwY2xhc3MlM0QlMjJjLWFydGljbGUtbGlzdCUyMG0taGFzLWljb24lMjBtLWhhcy1mZWF0dXJlZCUyMiUzRSUzQ2RpdiUyMGNsYXNzJTNEJTIyYy1jb250ZW50LWJveCUyMiUzRSUzQ2RpdiUyMGNsYXNzJTNEJTIyYXJ0aWNsZS1saXN0LWlubmVyJTIyJTNFJTNDaSUyMGNsYXNzJTNEJTIyaWNvLXNoYWRvdyUyMGZhJTIwZmEtcGFnZWxpbmVzJTIyJTNFJTNDJTJGaSUzRSUzQ2gyJTIwY2xhc3MlM0QlMjJhcnRpY2xlLWxpc3QtdGl0bGUlMjIlM0UlM0NpJTIwY2xhc3MlM0QlMjJpY28lMjBmYSUyMGZhLXBhZ2VsaW5lcyUyMiUzRSUzQyUyRmklM0UlRDglQTclRDklODQlRDklODElRDklODQlRDglQTclRDglQUQlRDglQTklMjAlRDklODglMjAlRDglQTclRDklODQlRDglQjIlRDglQjElRDglQTclRDglQjklRDglQTklM0MlMkZoMiUzRSUzQyUyRmRpdiUzRSUzQyUyRmRpdiUzRSUzQyUyRmRpdiUzRQ==[\/vc_raw_html][vc_single_image image=\u00a0\u00bb779&Prime; img_size=\u00a0\u00bbfull\u00a0\u00bb alignment=\u00a0\u00bbcenter\u00a0\u00bb][\/vc_column][\/vc_row][vc_row][vc_column][vc_empty_space][\/vc_column][\/vc_row][vc_row][vc_column width=\u00a0\u00bb1\/2&Prime;][vc_raw_html css=\u00a0\u00bb.vc_custom_1484920693986{margin-bottom: -31px !important;}\u00a0\u00bb]JTNDZGl2JTIwY2xhc3MlM0QlMjJjLWFydGljbGUtbGlzdCUyMG0taGFzLWljb24lMjBtLWhhcy1mZWF0dXJlZCUyMiUzRSUzQ2RpdiUyMGNsYXNzJTNEJTIyYy1jb250ZW50LWJveCUyMiUzRSUzQ2RpdiUyMGNsYXNzJTNEJTIyYXJ0aWNsZS1saXN0LWlubmVyJTIyJTNFJTNDaSUyMGNsYXNzJTNEJTIyaWNvLXNoYWRvdyUyMGljbyUyMGZhJTIwZmEtYm9vayUyMiUzRSUzQyUyRmklM0UlM0NoMiUyMGNsYXNzJTNEJTIyYXJ0aWNsZS1saXN0LXRpdGxlJTIyJTNFJTNDaSUyMGNsYXNzJTNEJTIyaWNvJTIwaWNvJTIwZmElMjBmYS1ib29rJTIyJTNFJTNDJTJGaSUzRSUzQ2ElMjBocmVmJTNEJTIyaHR0cCUzQSUyRiUyRndlYm1lZGlhLWZyYW5jZS5jb20lMkZjb21tdW5lJTJGZG9jdW1lbnRzJTJGJTNGbGFuZyUzRGFyJTIyJTNFJUQ5JTg1JUQ5JTg0JUQ5JTgxJUQ4JUE3JUQ4JUFBJTIwJUQ4JUE1JUQ5JTg0JUQ5JTgzJUQ4JUFBJUQ4JUIxJUQ5JTg4JUQ5JTg2JUQ5JThBJUQ4JUE5JTNDJTJGYSUzRSUzQyUyRmgyJTNFJTNDJTJGZGl2JTNFJTNDJTJGZGl2JTNFJTNDJTJGZGl2JTNF[\/vc_raw_html][vc_single_image image=\u00a0\u00bb805&Prime; img_size=\u00a0\u00bbfull\u00a0\u00bb alignment=\u00a0\u00bbcenter\u00a0\u00bb onclick=\u00a0\u00bbcustom_link\u00a0\u00bb link=\u00a0\u00bb#\u00a0\u00bb][\/vc_column][vc_column width=\u00a0\u00bb1\/2&Prime;][vc_raw_html css=\u00a0\u00bb.vc_custom_1484920615367{margin-bottom: -31px !important;}\u00a0\u00bb]JTNDZGl2JTIwY2xhc3MlM0QlMjJjLWFydGljbGUtbGlzdCUyMG0taGFzLWljb24lMjBtLWhhcy1mZWF0dXJlZCUyMiUzRSUzQ2RpdiUyMGNsYXNzJTNEJTIyYy1jb250ZW50LWJveCUyMiUzRSUzQ2RpdiUyMGNsYXNzJTNEJTIyYXJ0aWNsZS1saXN0LWlubmVyJTIyJTNFJTNDaSUyMGNsYXNzJTNEJTIyaWNvLXNoYWRvdyUyMGZhJTIwZmEtcmVwbHktYWxsJTIyJTNFJTNDJTJGaSUzRSUzQ2gyJTIwY2xhc3MlM0QlMjJhcnRpY2xlLWxpc3QtdGl0bGUlMjIlM0UlM0NpJTIwY2xhc3MlM0QlMjJpY28lMjBmYSUyMGZhLXJlcGx5LWFsbCUyMiUzRSUzQyUyRmklM0UlM0NhJTIwaHJlZiUzRCUyMiUyMyUyMiUzRSVEOCVCOSVEOCVCMSVEOCVBNyVEOCVBNiVEOCVCNiUzQyUyRmElM0UlM0MlMkZoMiUzRSUzQyUyRmRpdiUzRSUzQyUyRmRpdiUzRSUzQyUyRmRpdiUzRQ==[\/vc_raw_html][vc_single_image image=\u00a0\u00bb804&Prime; img_size=\u00a0\u00bbfull\u00a0\u00bb alignment=\u00a0\u00bbcenter\u00a0\u00bb][\/vc_column][\/vc_row][vc_row][vc_column][vc_empty_space][\/vc_column][\/vc_row]<\/p>\n","protected":false},"excerpt":{"rendered":"<p>[vc_row][vc_column][rev_slider_vc alias=\u00a0\u00bbAccueil-FR\u00a0\u00bb][\/vc_column][\/vc_row][vc_row][vc_column][vc_raw_html css=\u00a0\u00bb.vc_custom_1484920753881{margin-bottom: -31px !important;}\u00a0\u00bb]JTNDZGl2JTIwY2xhc3MlM0QlMjJjLWFydGljbGUtbGlzdCUyMG0taGFzLWljb24lMjBtLWhhcy1mZWF0dXJlZCUyMiUzRSUzQ2RpdiUyMGNsYXNzJTNEJTIyYy1jb250ZW50LWJveCUyMiUzRSUzQ2RpdiUyMGNsYXNzJTNEJTIyYXJ0aWNsZS1saXN0LWlubmVyJTIyJTNFJTNDaSUyMGNsYXNzJTNEJTIyaWNvLXNoYWRvdyUyMGZhJTIwZmEtaG9tZSUyMiUzRSUzQyUyRmklM0UlM0NoMiUyMGNsYXNzJTNEJTIyYXJ0aWNsZS1saXN0LXRpdGxlJTIyJTNFJTNDaSUyMGNsYXNzJTNEJTIyaWNvJTIwZmElMjBmYS1ob21lJTIyJTNFJTNDJTJGaSUzRSUzQ2ElMjBocmVmJTNEJTIyaHR0cCUzQSUyRiUyRndlYm1lZGlhLWZyYW5jZS5jb20lMkZjb21tdW5lJTJGaGFqZWItZWwtYXlvdW4lMkYlM0ZsYW5nJTNEYXIlMjIlM0UlRDklODUlRDglQUYlRDklOEElRDklODYlRDglQTklMjAlRDglQUQlRDglQTclRDglQUMlRDglQTglMjAlRDglQTclRDklODQlRDglQjklRDklOEElRDklODglRDklODYlM0MlMkZhJTNFJTNDJTJGaDIlM0UlM0MlMkZkaXYlM0UlM0MlMkZkaXYlM0UlM0MlMkZkaXYlM0U=[\/vc_raw_html][\/vc_column][\/vc_row][vc_row][vc_column][\/vc_column][\/vc_row][vc_row][vc_column width=\u00a0\u00bb1\/2&Prime;][vc_raw_html css=\u00a0\u00bb.vc_custom_1484920585719{margin-bottom: -31px !important;}\u00a0\u00bb]JTNDZGl2JTIwY2xhc3MlM0QlMjJjLWFydGljbGUtbGlzdCUyMG0taGFzLWljb24lMjBtLWhhcy1mZWF0dXJlZCUyMiUzRSUzQ2RpdiUyMGNsYXNzJTNEJTIyYy1jb250ZW50LWJveCUyMiUzRSUzQ2RpdiUyMGNsYXNzJTNEJTIyYXJ0aWNsZS1saXN0LWlubmVyJTIyJTNFJTNDaSUyMGNsYXNzJTNEJTIyaWNvLXNoYWRvdyUyMHRwJTIwdHAtbGlicmFyeTIlMjIlM0UlM0MlMkZpJTNFJTNDaDIlMjBjbGFzcyUzRCUyMmFydGljbGUtbGlzdC10aXRsZSUyMiUzRSUzQ2klMjBjbGFzcyUzRCUyMmljbyUyMHRwJTIwdHAtbGlicmFyeTIlMjIlM0UlM0MlMkZpJTNFJUQ4JUE3JUQ5JTg0JUQ4JUFBJUQ4JUIxJUQ4JUE3JUQ4JUFCJTNDJTJGaDIlM0UlM0MlMkZkaXYlM0UlM0MlMkZkaXYlM0UlM0MlMkZkaXYlM0U=[\/vc_raw_html][vc_single_image image=\u00a0\u00bb776&Prime; img_size=\u00a0\u00bbfull\u00a0\u00bb alignment=\u00a0\u00bbcenter\u00a0\u00bb][\/vc_column][vc_column width=\u00a0\u00bb1\/2&Prime;][vc_raw_html css=\u00a0\u00bb.vc_custom_1484920574481{margin-bottom: -31px !important;}\u00a0\u00bb]JTNDZGl2JTIwY2xhc3MlM0QlMjJjLWFydGljbGUtbGlzdCUyMG0taGFzLWljb24lMjBtLWhhcy1mZWF0dXJlZCUyMiUzRSUzQ2RpdiUyMGNsYXNzJTNEJTIyYy1jb250ZW50LWJveCUyMiUzRSUzQ2RpdiUyMGNsYXNzJTNEJTIyYXJ0aWNsZS1saXN0LWlubmVyJTIyJTNFJTNDaSUyMGNsYXNzJTNEJTIyaWNvLXNoYWRvdyUyMHRwJTIwdHAtbWFuLXdvbWFuJTIyJTNFJTNDJTJGaSUzRSUzQ2gyJTIwY2xhc3MlM0QlMjJhcnRpY2xlLWxpc3QtdGl0bGUlMjIlM0UlM0NpJTIwY2xhc3MlM0QlMjJpY28lMjB0cCUyMHRwLW1hbi13b21hbiUyMiUzRSUzQyUyRmklM0UlRDglQTclRDklODQlRDglQUIlRDklODIlRDglQTclRDklODElRDglQTklM0MlMkZoMiUzRSUzQyUyRmRpdiUzRSUzQyUyRmRpdiUzRSUzQyUyRmRpdiUzRQ==[\/vc_raw_html][vc_single_image image=\u00a0\u00bb777&Prime; img_size=\u00a0\u00bbfull\u00a0\u00bb alignment=\u00a0\u00bbcenter\u00a0\u00bb][\/vc_column][\/vc_row][vc_row][vc_column][vc_empty_space][\/vc_column][\/vc_row][vc_row][vc_column width=\u00a0\u00bb1\/2&Prime;][vc_raw_html css=\u00a0\u00bb.vc_custom_1484920605368{margin-bottom: -31px !important;}\u00a0\u00bb]JTNDZGl2JTIwY2xhc3MlM0QlMjJjLWFydGljbGUtbGlzdCUyMG0taGFzLWljb24lMjBtLWhhcy1mZWF0dXJlZCUyMiUzRSUzQ2RpdiUyMGNsYXNzJTNEJTIyYy1jb250ZW50LWJveCUyMiUzRSUzQ2RpdiUyMGNsYXNzJTNEJTIyYXJ0aWNsZS1saXN0LWlubmVyJTIyJTNFJTNDaSUyMGNsYXNzJTNEJTIyaWNvLXNoYWRvdyUyMHRwJTIwdHAtdGVubmlzMiUyMiUzRSUzQyUyRmklM0UlM0NoMiUyMGNsYXNzJTNEJTIyYXJ0aWNsZS1saXN0LXRpdGxlJTIyJTNFJTNDaSUyMGNsYXNzJTNEJTIyaWNvJTIwdHAlMjB0cC10ZW5uaXMyJTIyJTNFJTNDJTJGaSUzRSVEOCVBNyVEOSU4NCVEOCVCMSVEOSU4QSVEOCVBNyVEOCVCNiVEOCVBOSUzQyUyRmgyJTNFJTNDJTJGZGl2JTNFJTNDJTJGZGl2JTNFJTNDJTJGZGl2JTNF[\/vc_raw_html][vc_single_image image=\u00a0\u00bb778&Prime; img_size=\u00a0\u00bbfull\u00a0\u00bb alignment=\u00a0\u00bbcenter\u00a0\u00bb][\/vc_column][vc_column width=\u00a0\u00bb1\/2&Prime;][vc_raw_html css=\u00a0\u00bb.vc_custom_1484920595910{margin-bottom: -31px !important;}\u00a0\u00bb]JTNDZGl2JTIwY2xhc3MlM0QlMjJjLWFydGljbGUtbGlzdCUyMG0taGFzLWljb24lMjBtLWhhcy1mZWF0dXJlZCUyMiUzRSUzQ2RpdiUyMGNsYXNzJTNEJTIyYy1jb250ZW50LWJveCUyMiUzRSUzQ2RpdiUyMGNsYXNzJTNEJTIyYXJ0aWNsZS1saXN0LWlubmVyJTIyJTNFJTNDaSUyMGNsYXNzJTNEJTIyaWNvLXNoYWRvdyUyMGZhJTIwZmEtcGFnZWxpbmVzJTIyJTNFJTNDJTJGaSUzRSUzQ2gyJTIwY2xhc3MlM0QlMjJhcnRpY2xlLWxpc3QtdGl0bGUlMjIlM0UlM0NpJTIwY2xhc3MlM0QlMjJpY28lMjBmYSUyMGZhLXBhZ2VsaW5lcyUyMiUzRSUzQyUyRmklM0UlRDglQTclRDklODQlRDklODElRDklODQlRDglQTclRDglQUQlRDglQTklMjAlRDklODglMjAlRDglQTclRDklODQlRDglQjIlRDglQjElRDglQTclRDglQjklRDglQTklM0MlMkZoMiUzRSUzQyUyRmRpdiUzRSUzQyUyRmRpdiUzRSUzQyUyRmRpdiUzRQ==[\/vc_raw_html][vc_single_image image=\u00a0\u00bb779&Prime; img_size=\u00a0\u00bbfull\u00a0\u00bb alignment=\u00a0\u00bbcenter\u00a0\u00bb][\/vc_column][\/vc_row][vc_row][vc_column][vc_empty_space][\/vc_column][\/vc_row][vc_row][vc_column width=\u00a0\u00bb1\/2&Prime;][vc_raw_html css=\u00a0\u00bb.vc_custom_1484920693986{margin-bottom: -31px !important;}\u00a0\u00bb]JTNDZGl2JTIwY2xhc3MlM0QlMjJjLWFydGljbGUtbGlzdCUyMG0taGFzLWljb24lMjBtLWhhcy1mZWF0dXJlZCUyMiUzRSUzQ2RpdiUyMGNsYXNzJTNEJTIyYy1jb250ZW50LWJveCUyMiUzRSUzQ2RpdiUyMGNsYXNzJTNEJTIyYXJ0aWNsZS1saXN0LWlubmVyJTIyJTNFJTNDaSUyMGNsYXNzJTNEJTIyaWNvLXNoYWRvdyUyMGljbyUyMGZhJTIwZmEtYm9vayUyMiUzRSUzQyUyRmklM0UlM0NoMiUyMGNsYXNzJTNEJTIyYXJ0aWNsZS1saXN0LXRpdGxlJTIyJTNFJTNDaSUyMGNsYXNzJTNEJTIyaWNvJTIwaWNvJTIwZmElMjBmYS1ib29rJTIyJTNFJTNDJTJGaSUzRSUzQ2ElMjBocmVmJTNEJTIyaHR0cCUzQSUyRiUyRndlYm1lZGlhLWZyYW5jZS5jb20lMkZjb21tdW5lJTJGZG9jdW1lbnRzJTJGJTNGbGFuZyUzRGFyJTIyJTNFJUQ5JTg1JUQ5JTg0JUQ5JTgxJUQ4JUE3JUQ4JUFBJTIwJUQ4JUE1JUQ5JTg0JUQ5JTgzJUQ4JUFBJUQ4JUIxJUQ5JTg4JUQ5JTg2JUQ5JThBJUQ4JUE5JTNDJTJGYSUzRSUzQyUyRmgyJTNFJTNDJTJGZGl2JTNFJTNDJTJGZGl2JTNFJTNDJTJGZGl2JTNF[\/vc_raw_html][vc_single_image image=\u00a0\u00bb805&Prime; img_size=\u00a0\u00bbfull\u00a0\u00bb alignment=\u00a0\u00bbcenter\u00a0\u00bb onclick=\u00a0\u00bbcustom_link\u00a0\u00bb link=\u00a0\u00bb#\u00a0\u00bb][\/vc_column][vc_column width=\u00a0\u00bb1\/2&Prime;][vc_raw_html css=\u00a0\u00bb.vc_custom_1484920615367{margin-bottom: -31px !important;}\u00a0\u00bb]JTNDZGl2JTIwY2xhc3MlM0QlMjJjLWFydGljbGUtbGlzdCUyMG0taGFzLWljb24lMjBtLWhhcy1mZWF0dXJlZCUyMiUzRSUzQ2RpdiUyMGNsYXNzJTNEJTIyYy1jb250ZW50LWJveCUyMiUzRSUzQ2RpdiUyMGNsYXNzJTNEJTIyYXJ0aWNsZS1saXN0LWlubmVyJTIyJTNFJTNDaSUyMGNsYXNzJTNEJTIyaWNvLXNoYWRvdyUyMGZhJTIwZmEtcmVwbHktYWxsJTIyJTNFJTNDJTJGaSUzRSUzQ2gyJTIwY2xhc3MlM0QlMjJhcnRpY2xlLWxpc3QtdGl0bGUlMjIlM0UlM0NpJTIwY2xhc3MlM0QlMjJpY28lMjBmYSUyMGZhLXJlcGx5LWFsbCUyMiUzRSUzQyUyRmklM0UlM0NhJTIwaHJlZiUzRCUyMiUyMyUyMiUzRSVEOCVCOSVEOCVCMSVEOCVBNyVEOCVBNiVEOCVCNiUzQyUyRmElM0UlM0MlMkZoMiUzRSUzQyUyRmRpdiUzRSUzQyUyRmRpdiUzRSUzQyUyRmRpdiUzRQ==[\/vc_raw_html][vc_single_image image=\u00a0\u00bb804&Prime; img_size=\u00a0\u00bbfull\u00a0\u00bb alignment=\u00a0\u00bbcenter\u00a0\u00bb][\/vc_column][\/vc_row][vc_row][vc_column][vc_empty_space][\/vc_column][\/vc_row]<\/p>\n","protected":false},"author":3,"featured_media":0,"parent":0,"menu_order":0,"comment_status":"closed","ping_status":"closed","template":"","meta":[],"_links":{"self":[{"href":"http:\/\/www.commune-hadjebelayoun.gov.tn\/index.php?rest_route=\/wp\/v2\/pages\/484"}],"collection":[{"href":"http:\/\/www.commune-hadjebelayoun.gov.tn\/index.php?rest_route=\/wp\/v2\/pages"}],"about":[{"href":"http:\/\/www.commune-hadjebelayoun.gov.tn\/index.php?rest_route=\/wp\/v2\/types\/page"}],"author":[{"embeddable":true,"href":"http:\/\/www.commune-hadjebelayoun.gov.tn\/index.php?rest_route=\/wp\/v2\/users\/3"}],"replies":[{"embeddable":true,"href":"http:\/\/www.commune-hadjebelayoun.gov.tn\/index.php?rest_route=%2Fwp%2Fv2%2Fcomments&post=484"}],"version-history":[{"count":9,"href":"http:\/\/www.commune-hadjebelayoun.gov.tn\/index.php?rest_route=\/wp\/v2\/pages\/484\/revisions"}],"predecessor-version":[{"id":62873,"href":"http:\/\/www.commune-hadjebelayoun.gov.tn\/index.php?rest_route=\/wp\/v2\/pages\/484\/revisions\/62873"}],"wp:attachment":[{"href":"http:\/\/www.commune-hadjebelayoun.gov.tn\/index.php?rest_route=%2Fwp%2Fv2%2Fmedia&parent=484"}],"curies":[{"name":"wp","href":"https:\/\/api.w.org\/{rel}","templated":true}]}}