


{"id":123824,"date":"2021-11-10T14:05:43","date_gmt":"2021-11-10T13:05:43","guid":{"rendered":"http:\/\/www.commune-hadjebelayoun.gov.tn\/?page_id=123824"},"modified":"2021-11-10T14:05:44","modified_gmt":"2021-11-10T13:05:44","slug":"rapport-sur-levaluation-de-letat-davancement-des-marches-publics","status":"publish","type":"page","link":"http:\/\/www.commune-hadjebelayoun.gov.tn\/?page_id=123824","title":{"rendered":"Rapport sur l&rsquo;\u00e9valuation de l&rsquo;\u00e9tat d&rsquo;avancement des march\u00e9s publics"},"content":{"rendered":"","protected":false},"excerpt":{"rendered":"","protected":false},"author":1,"featured_media":0,"parent":0,"menu_order":0,"comment_status":"closed","ping_status":"closed","template":"","meta":[],"_links":{"self":[{"href":"http:\/\/www.commune-hadjebelayoun.gov.tn\/index.php?rest_route=\/wp\/v2\/pages\/123824"}],"collection":[{"href":"http:\/\/www.commune-hadjebelayoun.gov.tn\/index.php?rest_route=\/wp\/v2\/pages"}],"about":[{"href":"http:\/\/www.commune-hadjebelayoun.gov.tn\/index.php?rest_route=\/wp\/v2\/types\/page"}],"author":[{"embeddable":true,"href":"http:\/\/www.commune-hadjebelayoun.gov.tn\/index.php?rest_route=\/wp\/v2\/users\/1"}],"replies":[{"embeddable":true,"href":"http:\/\/www.commune-hadjebelayoun.gov.tn\/index.php?rest_route=%2Fwp%2Fv2%2Fcomments&post=123824"}],"version-history":[{"count":1,"href":"http:\/\/www.commune-hadjebelayoun.gov.tn\/index.php?rest_route=\/wp\/v2\/pages\/123824\/revisions"}],"predecessor-version":[{"id":123825,"href":"http:\/\/www.commune-hadjebelayoun.gov.tn\/index.php?rest_route=\/wp\/v2\/pages\/123824\/revisions\/123825"}],"wp:attachment":[{"href":"http:\/\/www.commune-hadjebelayoun.gov.tn\/index.php?rest_route=%2Fwp%2Fv2%2Fmedia&parent=123824"}],"curies":[{"name":"wp","href":"https:\/\/api.w.org\/{rel}","templated":true}]}}